{"id":25,"date":"2025-04-29T10:59:10","date_gmt":"2025-04-29T10:59:10","guid":{"rendered":"https:\/\/financiapyme.es\/?page_id=25"},"modified":"2025-05-07T08:10:07","modified_gmt":"2025-05-07T08:10:07","slug":"bienvenidos","status":"publish","type":"page","link":"https:\/\/financiapyme.es\/?page_id=25","title":{"rendered":"Bienvenidos"},"content":{"rendered":"\r\n<p><strong>\u00bfPor qu\u00e9 elegirnos?<\/strong><\/p>\r\n\r\n\r\n\r\n<ul class=\"wp-block-list\">\r\n<li><strong>Asesoramiento personalizado:<\/strong> Cada negocio es \u00fanico, y nuestras soluciones est\u00e1n adaptadas a tus necesidades espec\u00edficas.<\/li>\r\n\r\n\r\n\r\n<li><strong>Accesibilidad total:<\/strong> Consulta desde cualquier lugar y en cualquier momento.<\/li>\r\n\r\n\r\n\r\n<li><strong>Experiencia comprobada:<\/strong> Nuestro equipo cuenta con a\u00f1os de experiencia ayudando a PYMES y aut\u00f3nomos a prosperar.<\/li>\r\n<\/ul>\r\n\r\n\r\n\r\n<p><strong>\u00a1Empieza hoy!<\/strong><\/p>\r\n\r\n\r\n\r\n<p>No importa si est\u00e1s iniciando un nuevo proyecto o buscando optimizar tu negocio actual, estamos aqu\u00ed para ayudarte a dar el siguiente paso.<\/p>\r\n","protected":false},"excerpt":{"rendered":"<p>\u00bfPor qu\u00e9 elegirnos? \u00a1Empieza hoy! No importa si est\u00e1s iniciando un nuevo proyecto [&hellip;]<\/p>\n","protected":false},"author":1,"featured_media":0,"parent":0,"menu_order":1,"comment_status":"closed","ping_status":"closed","template":"page-templates\/full-width-page.php","meta":{"footnotes":""},"class_list":["post-25","page","type-page","status-publish","hentry"],"yoast_head":"<!-- This site is optimized with the Yoast SEO plugin v24.9 - https:\/\/yoast.com\/wordpress\/plugins\/seo\/ -->\n<title>Bienvenidos - financiapyme<\/title>\n<meta name=\"robots\" content=\"index, follow, max-snippet:-1, max-image-preview:large, max-video-preview:-1\" \/>\n<link rel=\"canonical\" href=\"https:\/\/financiapyme.es\/?page_id=25\" \/>\n<meta property=\"og:locale\" content=\"es_ES\" \/>\n<meta property=\"og:type\" content=\"article\" \/>\n<meta property=\"og:title\" content=\"Bienvenidos - financiapyme\" \/>\n<meta property=\"og:description\" content=\"\u00bfPor qu\u00e9 elegirnos? \u00a1Empieza hoy! No importa si est\u00e1s iniciando un nuevo proyecto [&hellip;]\" \/>\n<meta property=\"og:url\" content=\"https:\/\/financiapyme.es\/?page_id=25\" \/>\n<meta property=\"og:site_name\" content=\"financiapyme\" \/>\n<meta property=\"article:modified_time\" content=\"2025-05-07T08:10:07+00:00\" \/>\n<meta name=\"twitter:card\" content=\"summary_large_image\" \/>\n<meta name=\"twitter:label1\" content=\"Tiempo de lectura\" \/>\n\t<meta name=\"twitter:data1\" content=\"1 minuto\" \/>\n<script type=\"application\/ld+json\" class=\"yoast-schema-graph\">{\"@context\":\"https:\/\/schema.org\",\"@graph\":[{\"@type\":\"WebPage\",\"@id\":\"https:\/\/financiapyme.es\/?page_id=25\",\"url\":\"https:\/\/financiapyme.es\/?page_id=25\",\"name\":\"Bienvenidos - financiapyme\",\"isPartOf\":{\"@id\":\"https:\/\/financiapyme.es\/#website\"},\"datePublished\":\"2025-04-29T10:59:10+00:00\",\"dateModified\":\"2025-05-07T08:10:07+00:00\",\"breadcrumb\":{\"@id\":\"https:\/\/financiapyme.es\/?page_id=25#breadcrumb\"},\"inLanguage\":\"es\",\"potentialAction\":[{\"@type\":\"ReadAction\",\"target\":[\"https:\/\/financiapyme.es\/?page_id=25\"]}]},{\"@type\":\"BreadcrumbList\",\"@id\":\"https:\/\/financiapyme.es\/?page_id=25#breadcrumb\",\"itemListElement\":[{\"@type\":\"ListItem\",\"position\":1,\"name\":\"Portada\",\"item\":\"https:\/\/financiapyme.es\/\"},{\"@type\":\"ListItem\",\"position\":2,\"name\":\"Bienvenidos\"}]},{\"@type\":\"WebSite\",\"@id\":\"https:\/\/financiapyme.es\/#website\",\"url\":\"https:\/\/financiapyme.es\/\",\"name\":\"financiapyme\",\"description\":\"\",\"publisher\":{\"@id\":\"https:\/\/financiapyme.es\/#organization\"},\"potentialAction\":[{\"@type\":\"SearchAction\",\"target\":{\"@type\":\"EntryPoint\",\"urlTemplate\":\"https:\/\/financiapyme.es\/?s={search_term_string}\"},\"query-input\":{\"@type\":\"PropertyValueSpecification\",\"valueRequired\":true,\"valueName\":\"search_term_string\"}}],\"inLanguage\":\"es\"},{\"@type\":\"Organization\",\"@id\":\"https:\/\/financiapyme.es\/#organization\",\"name\":\"financiapyme\",\"url\":\"https:\/\/financiapyme.es\/\",\"logo\":{\"@type\":\"ImageObject\",\"inLanguage\":\"es\",\"@id\":\"https:\/\/financiapyme.es\/#\/schema\/logo\/image\/\",\"url\":\"https:\/\/financiapyme.es\/wp-content\/uploads\/2025\/05\/cropped-Captura-de-pantalla-2025-05-05-130526.png\",\"contentUrl\":\"https:\/\/financiapyme.es\/wp-content\/uploads\/2025\/05\/cropped-Captura-de-pantalla-2025-05-05-130526.png\",\"width\":400,\"height\":394,\"caption\":\"financiapyme\"},\"image\":{\"@id\":\"https:\/\/financiapyme.es\/#\/schema\/logo\/image\/\"}}]}<\/script>\n<!-- \/ Yoast SEO plugin. -->","yoast_head_json":{"title":"Bienvenidos - financiapyme","robots":{"index":"index","follow":"follow","max-snippet":"max-snippet:-1","max-image-preview":"max-image-preview:large","max-video-preview":"max-video-preview:-1"},"canonical":"https:\/\/financiapyme.es\/?page_id=25","og_locale":"es_ES","og_type":"article","og_title":"Bienvenidos - financiapyme","og_description":"\u00bfPor qu\u00e9 elegirnos? \u00a1Empieza hoy! No importa si est\u00e1s iniciando un nuevo proyecto [&hellip;]","og_url":"https:\/\/financiapyme.es\/?page_id=25","og_site_name":"financiapyme","article_modified_time":"2025-05-07T08:10:07+00:00","twitter_card":"summary_large_image","twitter_misc":{"Tiempo de lectura":"1 minuto"},"schema":{"@context":"https:\/\/schema.org","@graph":[{"@type":"WebPage","@id":"https:\/\/financiapyme.es\/?page_id=25","url":"https:\/\/financiapyme.es\/?page_id=25","name":"Bienvenidos - financiapyme","isPartOf":{"@id":"https:\/\/financiapyme.es\/#website"},"datePublished":"2025-04-29T10:59:10+00:00","dateModified":"2025-05-07T08:10:07+00:00","breadcrumb":{"@id":"https:\/\/financiapyme.es\/?page_id=25#breadcrumb"},"inLanguage":"es","potentialAction":[{"@type":"ReadAction","target":["https:\/\/financiapyme.es\/?page_id=25"]}]},{"@type":"BreadcrumbList","@id":"https:\/\/financiapyme.es\/?page_id=25#breadcrumb","itemListElement":[{"@type":"ListItem","position":1,"name":"Portada","item":"https:\/\/financiapyme.es\/"},{"@type":"ListItem","position":2,"name":"Bienvenidos"}]},{"@type":"WebSite","@id":"https:\/\/financiapyme.es\/#website","url":"https:\/\/financiapyme.es\/","name":"financiapyme","description":"","publisher":{"@id":"https:\/\/financiapyme.es\/#organization"},"potentialAction":[{"@type":"SearchAction","target":{"@type":"EntryPoint","urlTemplate":"https:\/\/financiapyme.es\/?s={search_term_string}"},"query-input":{"@type":"PropertyValueSpecification","valueRequired":true,"valueName":"search_term_string"}}],"inLanguage":"es"},{"@type":"Organization","@id":"https:\/\/financiapyme.es\/#organization","name":"financiapyme","url":"https:\/\/financiapyme.es\/","logo":{"@type":"ImageObject","inLanguage":"es","@id":"https:\/\/financiapyme.es\/#\/schema\/logo\/image\/","url":"https:\/\/financiapyme.es\/wp-content\/uploads\/2025\/05\/cropped-Captura-de-pantalla-2025-05-05-130526.png","contentUrl":"https:\/\/financiapyme.es\/wp-content\/uploads\/2025\/05\/cropped-Captura-de-pantalla-2025-05-05-130526.png","width":400,"height":394,"caption":"financiapyme"},"image":{"@id":"https:\/\/financiapyme.es\/#\/schema\/logo\/image\/"}}]}},"_links":{"self":[{"href":"https:\/\/financiapyme.es\/index.php?rest_route=\/wp\/v2\/pages\/25","targetHints":{"allow":["GET"]}}],"collection":[{"href":"https:\/\/financiapyme.es\/index.php?rest_route=\/wp\/v2\/pages"}],"about":[{"href":"https:\/\/financiapyme.es\/index.php?rest_route=\/wp\/v2\/types\/page"}],"author":[{"embeddable":true,"href":"https:\/\/financiapyme.es\/index.php?rest_route=\/wp\/v2\/users\/1"}],"replies":[{"embeddable":true,"href":"https:\/\/financiapyme.es\/index.php?rest_route=%2Fwp%2Fv2%2Fcomments&post=25"}],"version-history":[{"count":4,"href":"https:\/\/financiapyme.es\/index.php?rest_route=\/wp\/v2\/pages\/25\/revisions"}],"predecessor-version":[{"id":163,"href":"https:\/\/financiapyme.es\/index.php?rest_route=\/wp\/v2\/pages\/25\/revisions\/163"}],"wp:attachment":[{"href":"https:\/\/financiapyme.es\/index.php?rest_route=%2Fwp%2Fv2%2Fmedia&parent=25"}],"curies":[{"name":"wp","href":"https:\/\/api.w.org\/{rel}","templated":true}]}}