{"id":31,"date":"2025-04-29T11:05:59","date_gmt":"2025-04-29T11:05:59","guid":{"rendered":"https:\/\/financiapyme.es\/?page_id=31"},"modified":"2025-04-29T11:06:07","modified_gmt":"2025-04-29T11:06:07","slug":"politica-de-cookies","status":"publish","type":"page","link":"https:\/\/financiapyme.es\/?page_id=31","title":{"rendered":"Pol\u00edtica de cookies"},"content":{"rendered":"\n<p>En cumplimiento de la Ley 34\/2002 de Servicios de la Sociedad de la Informaci\u00f3n y Comercio Electr\u00f3nico LSSICE y sus modificaciones del Real Decreto-ley 13\/2012, de 30 de marzo, que afectan al uso de cookies y a los env\u00edos comerciales por correo electr\u00f3nico, y en cumplimiento de la Directiva Europea 2009\/136\/CE, y con el objetivo de garantizar tu privacidad, te informamos de que en nuestra web &nbsp;utilizamos cookies y otros mecanismos similares que nos permiten facilitarte el uso y navegaci\u00f3n a trav\u00e9s de la p\u00e1gina web, garantizar el acceso a determinadas funcionalidades y adicionalmente, nos ayudan a mejorar la calidad de la p\u00e1gina de acuerdo a tus h\u00e1bitos y estilos de navegaci\u00f3n.<\/p>\n\n\n\n<p>En cualquier momento puede modificar las cookies en las opciones de configuraci\u00f3n de su navegador.<\/p>\n\n\n\n<p>Nuestra web contiene enlaces a sitios web de terceros, cuyas pol\u00edticas de privacidad son ajenas a la nuestra. Al acceder a tales sitios web usted puede decidir si acepta sus pol\u00edticas de privacidad y de cookies. Con car\u00e1cter general, si navega por internet usted puede aceptar o rechazar las cookies de terceros desde las opciones de configuraci\u00f3n de su navegador.<\/p>\n\n\n\n<p>Las cookies no son virus inform\u00e1ticos, no da\u00f1an su ordenador ni ralentizan su funcionamiento y puede eliminarlas en cualquier momento, o rechazarlas configurando el programa de navegaci\u00f3n que utiliza. En general nuestra web s\u00f3lo utiliza cookies de car\u00e1cter t\u00e9cnico, destinadas \u00fanicamente a permitir al usuario navegar por la p\u00e1gina web, cookies estrictamente necesarias, para la prestaci\u00f3n de un servicio expresamente solicitado por el usuario y cookies sin capacidad de identificar al usuario.<\/p>\n","protected":false},"excerpt":{"rendered":"<p>En cumplimiento de la Ley 34\/2002 de Servicios de la Sociedad de la [&hellip;]<\/p>\n","protected":false},"author":1,"featured_media":0,"parent":27,"menu_order":2,"comment_status":"closed","ping_status":"closed","template":"","meta":{"footnotes":""},"class_list":["post-31","page","type-page","status-publish","hentry"],"yoast_head":"<!-- This site is optimized with the Yoast SEO plugin v24.9 - https:\/\/yoast.com\/wordpress\/plugins\/seo\/ -->\n<title>Pol\u00edtica de cookies - financiapyme<\/title>\n<meta name=\"robots\" content=\"index, follow, max-snippet:-1, max-image-preview:large, max-video-preview:-1\" \/>\n<link rel=\"canonical\" href=\"https:\/\/financiapyme.es\/?page_id=31\" \/>\n<meta property=\"og:locale\" content=\"es_ES\" \/>\n<meta property=\"og:type\" content=\"article\" \/>\n<meta property=\"og:title\" content=\"Pol\u00edtica de cookies - financiapyme\" \/>\n<meta property=\"og:description\" content=\"En cumplimiento de la Ley 34\/2002 de Servicios de la Sociedad de la [&hellip;]\" \/>\n<meta property=\"og:url\" content=\"https:\/\/financiapyme.es\/?page_id=31\" \/>\n<meta property=\"og:site_name\" content=\"financiapyme\" \/>\n<meta property=\"article:modified_time\" content=\"2025-04-29T11:06:07+00:00\" \/>\n<meta name=\"twitter:card\" content=\"summary_large_image\" \/>\n<script type=\"application\/ld+json\" class=\"yoast-schema-graph\">{\"@context\":\"https:\/\/schema.org\",\"@graph\":[{\"@type\":\"WebPage\",\"@id\":\"https:\/\/financiapyme.es\/?page_id=31\",\"url\":\"https:\/\/financiapyme.es\/?page_id=31\",\"name\":\"Pol\u00edtica de cookies - financiapyme\",\"isPartOf\":{\"@id\":\"https:\/\/financiapyme.es\/#website\"},\"datePublished\":\"2025-04-29T11:05:59+00:00\",\"dateModified\":\"2025-04-29T11:06:07+00:00\",\"breadcrumb\":{\"@id\":\"https:\/\/financiapyme.es\/?page_id=31#breadcrumb\"},\"inLanguage\":\"es\",\"potentialAction\":[{\"@type\":\"ReadAction\",\"target\":[\"https:\/\/financiapyme.es\/?page_id=31\"]}]},{\"@type\":\"BreadcrumbList\",\"@id\":\"https:\/\/financiapyme.es\/?page_id=31#breadcrumb\",\"itemListElement\":[{\"@type\":\"ListItem\",\"position\":1,\"name\":\"Portada\",\"item\":\"https:\/\/financiapyme.es\/\"},{\"@type\":\"ListItem\",\"position\":2,\"name\":\"Aviso Legal\",\"item\":\"https:\/\/financiapyme.es\/?page_id=27\"},{\"@type\":\"ListItem\",\"position\":3,\"name\":\"Pol\u00edtica de cookies\"}]},{\"@type\":\"WebSite\",\"@id\":\"https:\/\/financiapyme.es\/#website\",\"url\":\"https:\/\/financiapyme.es\/\",\"name\":\"financiapyme\",\"description\":\"\",\"publisher\":{\"@id\":\"https:\/\/financiapyme.es\/#organization\"},\"potentialAction\":[{\"@type\":\"SearchAction\",\"target\":{\"@type\":\"EntryPoint\",\"urlTemplate\":\"https:\/\/financiapyme.es\/?s={search_term_string}\"},\"query-input\":{\"@type\":\"PropertyValueSpecification\",\"valueRequired\":true,\"valueName\":\"search_term_string\"}}],\"inLanguage\":\"es\"},{\"@type\":\"Organization\",\"@id\":\"https:\/\/financiapyme.es\/#organization\",\"name\":\"financiapyme\",\"url\":\"https:\/\/financiapyme.es\/\",\"logo\":{\"@type\":\"ImageObject\",\"inLanguage\":\"es\",\"@id\":\"https:\/\/financiapyme.es\/#\/schema\/logo\/image\/\",\"url\":\"https:\/\/financiapyme.es\/wp-content\/uploads\/2025\/05\/cropped-Captura-de-pantalla-2025-05-05-130526.png\",\"contentUrl\":\"https:\/\/financiapyme.es\/wp-content\/uploads\/2025\/05\/cropped-Captura-de-pantalla-2025-05-05-130526.png\",\"width\":400,\"height\":394,\"caption\":\"financiapyme\"},\"image\":{\"@id\":\"https:\/\/financiapyme.es\/#\/schema\/logo\/image\/\"}}]}<\/script>\n<!-- \/ Yoast SEO plugin. -->","yoast_head_json":{"title":"Pol\u00edtica de cookies - financiapyme","robots":{"index":"index","follow":"follow","max-snippet":"max-snippet:-1","max-image-preview":"max-image-preview:large","max-video-preview":"max-video-preview:-1"},"canonical":"https:\/\/financiapyme.es\/?page_id=31","og_locale":"es_ES","og_type":"article","og_title":"Pol\u00edtica de cookies - financiapyme","og_description":"En cumplimiento de la Ley 34\/2002 de Servicios de la Sociedad de la [&hellip;]","og_url":"https:\/\/financiapyme.es\/?page_id=31","og_site_name":"financiapyme","article_modified_time":"2025-04-29T11:06:07+00:00","twitter_card":"summary_large_image","schema":{"@context":"https:\/\/schema.org","@graph":[{"@type":"WebPage","@id":"https:\/\/financiapyme.es\/?page_id=31","url":"https:\/\/financiapyme.es\/?page_id=31","name":"Pol\u00edtica de cookies - financiapyme","isPartOf":{"@id":"https:\/\/financiapyme.es\/#website"},"datePublished":"2025-04-29T11:05:59+00:00","dateModified":"2025-04-29T11:06:07+00:00","breadcrumb":{"@id":"https:\/\/financiapyme.es\/?page_id=31#breadcrumb"},"inLanguage":"es","potentialAction":[{"@type":"ReadAction","target":["https:\/\/financiapyme.es\/?page_id=31"]}]},{"@type":"BreadcrumbList","@id":"https:\/\/financiapyme.es\/?page_id=31#breadcrumb","itemListElement":[{"@type":"ListItem","position":1,"name":"Portada","item":"https:\/\/financiapyme.es\/"},{"@type":"ListItem","position":2,"name":"Aviso Legal","item":"https:\/\/financiapyme.es\/?page_id=27"},{"@type":"ListItem","position":3,"name":"Pol\u00edtica de cookies"}]},{"@type":"WebSite","@id":"https:\/\/financiapyme.es\/#website","url":"https:\/\/financiapyme.es\/","name":"financiapyme","description":"","publisher":{"@id":"https:\/\/financiapyme.es\/#organization"},"potentialAction":[{"@type":"SearchAction","target":{"@type":"EntryPoint","urlTemplate":"https:\/\/financiapyme.es\/?s={search_term_string}"},"query-input":{"@type":"PropertyValueSpecification","valueRequired":true,"valueName":"search_term_string"}}],"inLanguage":"es"},{"@type":"Organization","@id":"https:\/\/financiapyme.es\/#organization","name":"financiapyme","url":"https:\/\/financiapyme.es\/","logo":{"@type":"ImageObject","inLanguage":"es","@id":"https:\/\/financiapyme.es\/#\/schema\/logo\/image\/","url":"https:\/\/financiapyme.es\/wp-content\/uploads\/2025\/05\/cropped-Captura-de-pantalla-2025-05-05-130526.png","contentUrl":"https:\/\/financiapyme.es\/wp-content\/uploads\/2025\/05\/cropped-Captura-de-pantalla-2025-05-05-130526.png","width":400,"height":394,"caption":"financiapyme"},"image":{"@id":"https:\/\/financiapyme.es\/#\/schema\/logo\/image\/"}}]}},"_links":{"self":[{"href":"https:\/\/financiapyme.es\/index.php?rest_route=\/wp\/v2\/pages\/31","targetHints":{"allow":["GET"]}}],"collection":[{"href":"https:\/\/financiapyme.es\/index.php?rest_route=\/wp\/v2\/pages"}],"about":[{"href":"https:\/\/financiapyme.es\/index.php?rest_route=\/wp\/v2\/types\/page"}],"author":[{"embeddable":true,"href":"https:\/\/financiapyme.es\/index.php?rest_route=\/wp\/v2\/users\/1"}],"replies":[{"embeddable":true,"href":"https:\/\/financiapyme.es\/index.php?rest_route=%2Fwp%2Fv2%2Fcomments&post=31"}],"version-history":[{"count":1,"href":"https:\/\/financiapyme.es\/index.php?rest_route=\/wp\/v2\/pages\/31\/revisions"}],"predecessor-version":[{"id":32,"href":"https:\/\/financiapyme.es\/index.php?rest_route=\/wp\/v2\/pages\/31\/revisions\/32"}],"up":[{"embeddable":true,"href":"https:\/\/financiapyme.es\/index.php?rest_route=\/wp\/v2\/pages\/27"}],"wp:attachment":[{"href":"https:\/\/financiapyme.es\/index.php?rest_route=%2Fwp%2Fv2%2Fmedia&parent=31"}],"curies":[{"name":"wp","href":"https:\/\/api.w.org\/{rel}","templated":true}]}}