{"id":37,"date":"2025-05-06T10:48:50","date_gmt":"2025-05-06T10:48:50","guid":{"rendered":"https:\/\/financiapyme.es\/?page_id=37"},"modified":"2026-01-29T12:00:22","modified_gmt":"2026-01-29T12:00:22","slug":"ecliptica","status":"publish","type":"page","link":"https:\/\/financiapyme.es\/","title":{"rendered":"P\u00e1gina Principal"},"content":{"rendered":"<div data-colibri-id=\"37-c1\" class=\"style-241 style-local-37-c1 position-relative\">\n  <!---->\n  <div data-colibri-component=\"section\" data-colibri-id=\"37-c20\" id=\"about-2\" class=\"h-section h-section-global-spacing d-flex align-items-lg-center align-items-md-center align-items-center style-252 style-local-37-c20 position-relative\">\n    <!---->\n    <!---->\n    <div class=\"h-section-grid-container h-section-boxed-container\">\n      <!---->\n      <div data-colibri-id=\"37-c21\" class=\"h-row-container gutters-row-lg-2 gutters-row-md-2 gutters-row-2 gutters-row-v-lg-2 gutters-row-v-md-2 gutters-row-v-2 style-253 style-local-37-c21 position-relative\">\n        <!---->\n        <div class=\"h-row justify-content-lg-center justify-content-md-center justify-content-center align-items-lg-stretch align-items-md-stretch align-items-stretch gutters-col-lg-2 gutters-col-md-2 gutters-col-2 gutters-col-v-lg-2 gutters-col-v-md-2 gutters-col-v-2\">\n          <!---->\n          <div class=\"h-column h-column-container d-flex h-col-lg-auto h-col-md-auto h-col-auto style-254-outer style-local-37-c22-outer\">\n            <div data-colibri-id=\"37-c22\" class=\"d-flex h-flex-basis h-column__inner h-px-lg-2 h-px-md-2 h-px-2 v-inner-lg-2 v-inner-md-2 v-inner-2 style-254 style-local-37-c22 position-relative\">\n              <!---->\n              <!---->\n              <div class=\"w-100 h-y-container h-column__content h-column__v-align flex-basis-100 align-self-lg-center align-self-md-center align-self-center\">\n                <!---->\n                <div data-colibri-id=\"37-c23\" class=\"h-global-transition-all h-heading style-256 style-local-37-c23 position-relative h-element\">\n                  <!---->\n                  <div class=\"h-heading__outer style-256 style-local-37-c23\">\n                    <!---->\n                    <!---->\n                    <h2 class=\"\">Tu consultor\u00eda online personalizada por menos de lo que te imaginas<\/h2>\n                  <\/div>\n                <\/div>\n                <div data-colibri-id=\"37-c24\" class=\"h-lead h-text h-text-component style-257 style-local-37-c24 position-relative h-element\">\n                  <!---->\n                  <!---->\n                  <div class=\"\">\n                    <p><strong>\u00bfPor qu\u00e9 elegirnos?<\/strong><\/p>\n                    <ul>\n                      <li><strong>Asesoramiento personalizado:<\/strong>&nbsp;Cada negocio es \u00fanico, y nuestras soluciones est\u00e1n adaptadas a tus necesidades espec\u00edficas.<\/li>\n                      <li><strong>Accesibilidad total:<\/strong>&nbsp;Consulta desde cualquier lugar y en cualquier momento.<\/li>\n                      <li><strong>Experiencia comprobada:<\/strong>&nbsp;Nuestro equipo cuenta con a\u00f1os de experiencia ayudando a PYMES y aut\u00f3nomos a prosperar.<\/li>\n                    <\/ul>\n                    <p><strong>\u00a1Empieza hoy!<\/strong><\/p>\n                    <p>No importa si est\u00e1s iniciando un nuevo proyecto o buscando optimizar tu negocio actual, estamos aqu\u00ed para ayudarte a dar el siguiente paso.<\/p>\n                    <p>\n                      <br>\n                    <\/p>\n                  <\/div>\n                <\/div>\n                <div data-colibri-id=\"37-c25\" class=\"h-x-container style-258 style-local-37-c25 position-relative h-element\">\n                  <!---->\n                  <div class=\"h-x-container-inner style-dynamic-37-c25-group style-258-spacing style-local-37-c25-spacing\"><span class=\"h-button__outer style-259-outer style-local-37-c26-outer d-inline-flex h-element\"><a h-use-smooth-scroll=\"true\" href=\"info@resultoriaglobal.es\"  data-colibri-id=\"37-c26\" class=\"d-flex w-100 align-items-center h-button justify-content-lg-center justify-content-md-center justify-content-center style-259 style-local-37-c26 position-relative\"><!----><!----> <span>Contacta ya<\/span><\/a>\n                    <\/span>\n                  <\/div>\n                <\/div>\n              <\/div>\n            <\/div>\n          <\/div>\n          <div class=\"h-column h-column-container d-flex h-col-lg-auto h-col-md-auto h-col-auto style-260-outer style-local-37-c27-outer\">\n            <div data-colibri-id=\"37-c27\" class=\"d-flex h-flex-basis h-column__inner h-px-lg-2 h-px-md-2 h-px-2 v-inner-lg-2 v-inner-md-2 v-inner-2 style-260 style-local-37-c27 position-relative\">\n              <!---->\n              <!---->\n              <div class=\"w-100 h-y-container h-column__content h-column__v-align flex-basis-100 align-self-lg-center align-self-md-center align-self-center\">\n                <!---->\n                <div data-colibri-id=\"37-c28\" class=\"d-block style-261 style-local-37-c28 position-relative h-element\">\n                  <!---->\n                  <div class=\"h-image__frame-container-outer\">\n                    <div class=\"h-image__frame-container\">\n                      <!---->\n                      <!---->\n                      <img decoding=\"async\" src=\"https:\/\/financiapyme.es\/wp-content\/uploads\/2025\/05\/colibri-image-320.png\" class=\"wp-image-1488 style-261-image style-local-37-c28-image\" alt=\"\" \/>\n                      <div class=\"h-image__frame h-hide-sm style-261-frameImage style-local-37-c28-frameImage\"><\/div>\n                    <\/div>\n                  <\/div>\n                <\/div>\n              <\/div>\n            <\/div>\n          <\/div>\n        <\/div>\n      <\/div>\n    <\/div>\n  <\/div>\n  <div data-colibri-component=\"section\" data-colibri-id=\"37-c29\" id=\"custom\" class=\"h-section h-section-global-spacing d-flex align-items-lg-center align-items-md-center align-items-center style-269 style-local-37-c29 position-relative\">\n    <!---->\n    <!---->\n    <div class=\"h-section-grid-container h-section-boxed-container\">\n      <!---->\n      <div data-colibri-id=\"37-c30\" class=\"h-row-container gutters-row-lg-2 gutters-row-md-2 gutters-row-0 gutters-row-v-lg-2 gutters-row-v-md-2 gutters-row-v-2 style-276 style-local-37-c30 position-relative\">\n        <!---->\n        <div class=\"h-row justify-content-lg-center justify-content-md-center justify-content-center align-items-lg-stretch align-items-md-stretch align-items-stretch gutters-col-lg-2 gutters-col-md-2 gutters-col-0 gutters-col-v-lg-2 gutters-col-v-md-2 gutters-col-v-2\">\n          <!---->\n          <div class=\"h-column h-column-container d-flex h-col-lg-auto h-col-md-auto h-col-auto style-277-outer style-local-37-c31-outer\">\n            <div data-colibri-id=\"37-c31\" class=\"d-flex h-flex-basis h-column__inner h-px-lg-2 h-px-md-2 h-px-2 v-inner-lg-2 v-inner-md-2 v-inner-2 style-277 style-local-37-c31 position-relative\">\n              <!---->\n              <!---->\n              <div class=\"w-100 h-y-container h-column__content h-column__v-align flex-basis-100 align-self-lg-start align-self-md-start align-self-start\">\n                <!---->\n                <div data-colibri-id=\"37-c32\" class=\"h-text h-text-component style-278 style-local-37-c32 position-relative h-element\">\n                  <!---->\n                  <!---->\n                  <div class=\"\">\n                    <p><strong>Esta empresa ha recibido una financiaci\u00f3n de 2000 \u20ac gracias al Kit Digital, siendo financiado por la Uni\u00f3n Europea &#8211; NextGenerationEU.<\/strong><\/p>\n                  <\/div>\n                <\/div>\n              <\/div>\n            <\/div>\n          <\/div>\n        <\/div>\n      <\/div>\n      <div data-colibri-id=\"37-c33\" class=\"h-row-container gutters-row-lg-2 gutters-row-md-2 gutters-row-0 gutters-row-v-lg-2 gutters-row-v-md-2 gutters-row-v-2 style-270 style-local-37-c33 position-relative\">\n        <!---->\n        <div class=\"h-row justify-content-lg-center justify-content-md-center justify-content-center align-items-lg-stretch align-items-md-stretch align-items-stretch gutters-col-lg-2 gutters-col-md-2 gutters-col-0 gutters-col-v-lg-2 gutters-col-v-md-2 gutters-col-v-2\">\n          <!---->\n          <div class=\"h-column h-column-container d-flex h-col-lg-auto h-col-md-auto h-col-auto style-271-outer style-local-37-c34-outer\">\n            <div data-colibri-id=\"37-c34\" class=\"d-flex h-flex-basis h-column__inner h-px-lg-2 h-px-md-2 h-px-2 v-inner-lg-2 v-inner-md-2 v-inner-2 style-271 style-local-37-c34 position-relative\">\n              <!---->\n              <!---->\n              <div class=\"w-100 h-y-container h-column__content h-column__v-align flex-basis-100 align-self-lg-start align-self-md-start align-self-start\">\n                <!---->\n                <div data-colibri-id=\"37-c35\" class=\"d-block style-273 style-local-37-c35 position-relative h-element\">\n                  <!---->\n                  <div class=\"h-image__frame-container-outer\">\n                    <div class=\"h-image__frame-container\">\n                      <!---->\n                      <!---->\n                      <img loading=\"lazy\" decoding=\"async\" width=\"1536\" height=\"451\" src=\"https:\/\/financiapyme.es\/wp-content\/uploads\/2025\/05\/cropped-Financiado-por-la-Union-Europa-NextGenerationEU.jpg\" class=\"wp-image-192 style-273-image style-local-37-c35-image\" alt=\"\" srcset=\"https:\/\/financiapyme.es\/wp-content\/uploads\/2025\/05\/cropped-Financiado-por-la-Union-Europa-NextGenerationEU.jpg 1536w, https:\/\/financiapyme.es\/wp-content\/uploads\/2025\/05\/cropped-Financiado-por-la-Union-Europa-NextGenerationEU-300x88.jpg 300w, https:\/\/financiapyme.es\/wp-content\/uploads\/2025\/05\/cropped-Financiado-por-la-Union-Europa-NextGenerationEU-1024x301.jpg 1024w, https:\/\/financiapyme.es\/wp-content\/uploads\/2025\/05\/cropped-Financiado-por-la-Union-Europa-NextGenerationEU-768x226.jpg 768w\" sizes=\"auto, (max-width: 1536px) 100vw, 1536px\" \/>\n                      <div class=\"h-image__frame h-hide-lg h-hide-md h-hide-sm style-273-frameImage style-local-37-c35-frameImage\"><\/div>\n                    <\/div>\n                  <\/div>\n                <\/div>\n              <\/div>\n            <\/div>\n          <\/div>\n          <div class=\"h-column h-column-container d-flex h-col-lg-auto h-col-md-auto h-col-auto style-272-outer style-local-37-c36-outer\">\n            <div data-colibri-id=\"37-c36\" class=\"d-flex h-flex-basis h-column__inner h-px-lg-2 h-px-md-2 h-px-2 v-inner-lg-2 v-inner-md-2 v-inner-2 style-272 style-local-37-c36 position-relative\">\n              <!---->\n              <!---->\n              <div class=\"w-100 h-y-container h-column__content h-column__v-align flex-basis-100 align-self-lg-start align-self-md-start align-self-start\">\n                <!---->\n                <div data-colibri-id=\"37-c37\" class=\"d-block style-274 style-local-37-c37 position-relative h-element\">\n                  <!---->\n                  <div class=\"h-image__frame-container-outer\">\n                    <div class=\"h-image__frame-container\">\n                      <!---->\n                      <!---->\n                      <img loading=\"lazy\" decoding=\"async\" width=\"1536\" height=\"864\" src=\"https:\/\/financiapyme.es\/wp-content\/uploads\/2025\/05\/Plan-de-Recuperacion-Transformacion-y-Resiliencia.jpg\" class=\"wp-image-167 style-274-image style-local-37-c37-image\" alt=\"Plan de recuperaci\u00f3n y transformaci\u00f3n y resilencia\" srcset=\"https:\/\/financiapyme.es\/wp-content\/uploads\/2025\/05\/Plan-de-Recuperacion-Transformacion-y-Resiliencia.jpg 1536w, https:\/\/financiapyme.es\/wp-content\/uploads\/2025\/05\/Plan-de-Recuperacion-Transformacion-y-Resiliencia-300x169.jpg 300w, https:\/\/financiapyme.es\/wp-content\/uploads\/2025\/05\/Plan-de-Recuperacion-Transformacion-y-Resiliencia-1024x576.jpg 1024w, https:\/\/financiapyme.es\/wp-content\/uploads\/2025\/05\/Plan-de-Recuperacion-Transformacion-y-Resiliencia-768x432.jpg 768w\" sizes=\"auto, (max-width: 1536px) 100vw, 1536px\" \/>\n                      <div class=\"h-image__frame h-hide-lg h-hide-md h-hide-sm style-274-frameImage style-local-37-c37-frameImage\"><\/div>\n                    <\/div>\n                  <\/div>\n                <\/div>\n              <\/div>\n            <\/div>\n          <\/div>\n        <\/div>\n      <\/div>\n    <\/div>\n  <\/div>\n<\/div>","protected":false},"excerpt":{"rendered":"<p>Tu consultor\u00eda online personalizada por menos de lo que te imaginas \u00bfPor qu\u00e9 [&hellip;]<\/p>\n","protected":false},"author":1,"featured_media":0,"parent":0,"menu_order":0,"comment_status":"closed","ping_status":"closed","template":"page-templates\/homepage.php","meta":{"footnotes":""},"class_list":["post-37","page","type-page","status-publish","hentry"],"yoast_head":"<!-- This site is optimized with the Yoast SEO plugin v24.9 - https:\/\/yoast.com\/wordpress\/plugins\/seo\/ -->\n<title>P\u00e1gina Principal - financiapyme<\/title>\n<meta name=\"robots\" content=\"index, follow, max-snippet:-1, max-image-preview:large, max-video-preview:-1\" \/>\n<link rel=\"canonical\" href=\"https:\/\/financiapyme.es\/\" \/>\n<meta property=\"og:locale\" content=\"es_ES\" \/>\n<meta property=\"og:type\" content=\"article\" \/>\n<meta property=\"og:title\" content=\"P\u00e1gina Principal - financiapyme\" \/>\n<meta property=\"og:description\" content=\"Tu consultor\u00eda online personalizada por menos de lo que te imaginas \u00bfPor qu\u00e9 [&hellip;]\" \/>\n<meta property=\"og:url\" content=\"https:\/\/financiapyme.es\/\" \/>\n<meta property=\"og:site_name\" content=\"financiapyme\" \/>\n<meta property=\"article:modified_time\" content=\"2026-01-29T12:00:22+00:00\" \/>\n<meta name=\"twitter:card\" content=\"summary_large_image\" \/>\n<meta name=\"twitter:label1\" content=\"Tiempo de lectura\" \/>\n\t<meta name=\"twitter:data1\" content=\"2 minutos\" \/>\n<script type=\"application\/ld+json\" class=\"yoast-schema-graph\">{\"@context\":\"https:\/\/schema.org\",\"@graph\":[{\"@type\":\"WebPage\",\"@id\":\"https:\/\/financiapyme.es\/\",\"url\":\"https:\/\/financiapyme.es\/\",\"name\":\"P\u00e1gina Principal - financiapyme\",\"isPartOf\":{\"@id\":\"https:\/\/financiapyme.es\/#website\"},\"primaryImageOfPage\":{\"@id\":\"https:\/\/financiapyme.es\/#primaryimage\"},\"image\":{\"@id\":\"https:\/\/financiapyme.es\/#primaryimage\"},\"thumbnailUrl\":\"https:\/\/financiapyme.es\/wp-content\/uploads\/2025\/05\/colibri-image-320.png\",\"datePublished\":\"2025-05-06T10:48:50+00:00\",\"dateModified\":\"2026-01-29T12:00:22+00:00\",\"breadcrumb\":{\"@id\":\"https:\/\/financiapyme.es\/#breadcrumb\"},\"inLanguage\":\"es\",\"potentialAction\":[{\"@type\":\"ReadAction\",\"target\":[\"https:\/\/financiapyme.es\/\"]}]},{\"@type\":\"ImageObject\",\"inLanguage\":\"es\",\"@id\":\"https:\/\/financiapyme.es\/#primaryimage\",\"url\":\"\",\"contentUrl\":\"\"},{\"@type\":\"BreadcrumbList\",\"@id\":\"https:\/\/financiapyme.es\/#breadcrumb\",\"itemListElement\":[{\"@type\":\"ListItem\",\"position\":1,\"name\":\"Portada\",\"item\":\"https:\/\/financiapyme.es\/\"},{\"@type\":\"ListItem\",\"position\":2,\"name\":\"P\u00e1gina Principal\"}]},{\"@type\":\"WebSite\",\"@id\":\"https:\/\/financiapyme.es\/#website\",\"url\":\"https:\/\/financiapyme.es\/\",\"name\":\"financiapyme\",\"description\":\"\",\"publisher\":{\"@id\":\"https:\/\/financiapyme.es\/#organization\"},\"potentialAction\":[{\"@type\":\"SearchAction\",\"target\":{\"@type\":\"EntryPoint\",\"urlTemplate\":\"https:\/\/financiapyme.es\/?s={search_term_string}\"},\"query-input\":{\"@type\":\"PropertyValueSpecification\",\"valueRequired\":true,\"valueName\":\"search_term_string\"}}],\"inLanguage\":\"es\"},{\"@type\":\"Organization\",\"@id\":\"https:\/\/financiapyme.es\/#organization\",\"name\":\"financiapyme\",\"url\":\"https:\/\/financiapyme.es\/\",\"logo\":{\"@type\":\"ImageObject\",\"inLanguage\":\"es\",\"@id\":\"https:\/\/financiapyme.es\/#\/schema\/logo\/image\/\",\"url\":\"https:\/\/financiapyme.es\/wp-content\/uploads\/2025\/05\/cropped-Captura-de-pantalla-2025-05-05-130526.png\",\"contentUrl\":\"https:\/\/financiapyme.es\/wp-content\/uploads\/2025\/05\/cropped-Captura-de-pantalla-2025-05-05-130526.png\",\"width\":400,\"height\":394,\"caption\":\"financiapyme\"},\"image\":{\"@id\":\"https:\/\/financiapyme.es\/#\/schema\/logo\/image\/\"}}]}<\/script>\n<!-- \/ Yoast SEO plugin. -->","yoast_head_json":{"title":"P\u00e1gina Principal - financiapyme","robots":{"index":"index","follow":"follow","max-snippet":"max-snippet:-1","max-image-preview":"max-image-preview:large","max-video-preview":"max-video-preview:-1"},"canonical":"https:\/\/financiapyme.es\/","og_locale":"es_ES","og_type":"article","og_title":"P\u00e1gina Principal - financiapyme","og_description":"Tu consultor\u00eda online personalizada por menos de lo que te imaginas \u00bfPor qu\u00e9 [&hellip;]","og_url":"https:\/\/financiapyme.es\/","og_site_name":"financiapyme","article_modified_time":"2026-01-29T12:00:22+00:00","twitter_card":"summary_large_image","twitter_misc":{"Tiempo de lectura":"2 minutos"},"schema":{"@context":"https:\/\/schema.org","@graph":[{"@type":"WebPage","@id":"https:\/\/financiapyme.es\/","url":"https:\/\/financiapyme.es\/","name":"P\u00e1gina Principal - financiapyme","isPartOf":{"@id":"https:\/\/financiapyme.es\/#website"},"primaryImageOfPage":{"@id":"https:\/\/financiapyme.es\/#primaryimage"},"image":{"@id":"https:\/\/financiapyme.es\/#primaryimage"},"thumbnailUrl":"https:\/\/financiapyme.es\/wp-content\/uploads\/2025\/05\/colibri-image-320.png","datePublished":"2025-05-06T10:48:50+00:00","dateModified":"2026-01-29T12:00:22+00:00","breadcrumb":{"@id":"https:\/\/financiapyme.es\/#breadcrumb"},"inLanguage":"es","potentialAction":[{"@type":"ReadAction","target":["https:\/\/financiapyme.es\/"]}]},{"@type":"ImageObject","inLanguage":"es","@id":"https:\/\/financiapyme.es\/#primaryimage","url":"","contentUrl":""},{"@type":"BreadcrumbList","@id":"https:\/\/financiapyme.es\/#breadcrumb","itemListElement":[{"@type":"ListItem","position":1,"name":"Portada","item":"https:\/\/financiapyme.es\/"},{"@type":"ListItem","position":2,"name":"P\u00e1gina Principal"}]},{"@type":"WebSite","@id":"https:\/\/financiapyme.es\/#website","url":"https:\/\/financiapyme.es\/","name":"financiapyme","description":"","publisher":{"@id":"https:\/\/financiapyme.es\/#organization"},"potentialAction":[{"@type":"SearchAction","target":{"@type":"EntryPoint","urlTemplate":"https:\/\/financiapyme.es\/?s={search_term_string}"},"query-input":{"@type":"PropertyValueSpecification","valueRequired":true,"valueName":"search_term_string"}}],"inLanguage":"es"},{"@type":"Organization","@id":"https:\/\/financiapyme.es\/#organization","name":"financiapyme","url":"https:\/\/financiapyme.es\/","logo":{"@type":"ImageObject","inLanguage":"es","@id":"https:\/\/financiapyme.es\/#\/schema\/logo\/image\/","url":"https:\/\/financiapyme.es\/wp-content\/uploads\/2025\/05\/cropped-Captura-de-pantalla-2025-05-05-130526.png","contentUrl":"https:\/\/financiapyme.es\/wp-content\/uploads\/2025\/05\/cropped-Captura-de-pantalla-2025-05-05-130526.png","width":400,"height":394,"caption":"financiapyme"},"image":{"@id":"https:\/\/financiapyme.es\/#\/schema\/logo\/image\/"}}]}},"_links":{"self":[{"href":"https:\/\/financiapyme.es\/index.php?rest_route=\/wp\/v2\/pages\/37","targetHints":{"allow":["GET"]}}],"collection":[{"href":"https:\/\/financiapyme.es\/index.php?rest_route=\/wp\/v2\/pages"}],"about":[{"href":"https:\/\/financiapyme.es\/index.php?rest_route=\/wp\/v2\/types\/page"}],"author":[{"embeddable":true,"href":"https:\/\/financiapyme.es\/index.php?rest_route=\/wp\/v2\/users\/1"}],"replies":[{"embeddable":true,"href":"https:\/\/financiapyme.es\/index.php?rest_route=%2Fwp%2Fv2%2Fcomments&post=37"}],"version-history":[{"count":5,"href":"https:\/\/financiapyme.es\/index.php?rest_route=\/wp\/v2\/pages\/37\/revisions"}],"predecessor-version":[{"id":211,"href":"https:\/\/financiapyme.es\/index.php?rest_route=\/wp\/v2\/pages\/37\/revisions\/211"}],"wp:attachment":[{"href":"https:\/\/financiapyme.es\/index.php?rest_route=%2Fwp%2Fv2%2Fmedia&parent=37"}],"curies":[{"name":"wp","href":"https:\/\/api.w.org\/{rel}","templated":true}]}}